{"id":35638,"date":"2018-05-24T13:29:57","date_gmt":"2018-05-24T10:29:57","guid":{"rendered":"https:\/\/skrolli.fi\/?page_id=35638"},"modified":"2021-09-17T01:57:16","modified_gmt":"2021-09-16T22:57:16","slug":"privacypolicy","status":"publish","type":"page","link":"https:\/\/www.skrolli.fi\/en\/privacypolicy\/","title":{"rendered":"Privacy Policy"},"content":{"rendered":"<p><strong>Rekisterinpit\u00e4j\u00e4<\/strong><br \/>\nSkrolli ry<br \/>\nc\/o Anssi Kolehmainen<br \/>\nKilonkuja 3 A 16<br \/>\n02610 ESPOO<br \/>\nY-tunnus 2580055-7<\/p>\n<p><strong>Yhteyshenkil\u00f6<\/strong><br \/>\nAnssi Kolehmainen<br \/>\npuh. 040 508 5390<br \/>\ninfo@skrolli.fi<\/p>\n<p><strong>Rekisterin nimi<\/strong><br \/>\nSkrollin asiakasrekisteri<\/p>\n<p><strong>K\u00e4sittelyn tarkoitus<\/strong><br \/>\nK\u00e4yt\u00e4mme asiakastietoja asiakkuuden hoitamiseen ja asiakkaille viestimiseen sek\u00e4 yhdistyksen toiminnan kehitt\u00e4miseen.<\/p>\n<p><strong>Tietosis\u00e4lt\u00f6<\/strong><br \/>\nKer\u00e4\u00e4mme rekisteriin seuraavat tiedot kaikista asiakkaistamme: asiakkaan nimen, yhteystiedot, IP-osoitteet, myydyt tuotteet ja palvelut, asiakkaiden kanssa k\u00e4ydyn viestinn\u00e4n sek\u00e4 asiakkaan tekem\u00e4t reklamaatiot. Asiakkaita ovat sek\u00e4 yhdistyksen maksavat asiakkaat ett\u00e4 muut tuotteidemme vastaanottajat ja palveluidemme k\u00e4ytt\u00e4j\u00e4t.<\/p>\n<p><strong>Tietol\u00e4hteet<\/strong><br \/>\nS\u00e4\u00e4nn\u00f6nmukaisia tietol\u00e4hteit\u00e4 ovat yhdistyksen kotisivut sek\u00e4 s\u00e4hk\u00f6postit, kirjeet, puhelut ja henkil\u00f6kohtaiset tapaamiset asiakkaiden kanssa. Tiedot ker\u00e4t\u00e4\u00e4n asiakkailta itselt\u00e4\u00e4n. Yhdistyksen kotisivuilla ker\u00e4t\u00e4\u00e4n my\u00f6s automaattista k\u00e4vij\u00e4tietoa.<\/p>\n<p>Maksujen vastaanottamiseen k\u00e4yt\u00e4mme Checkout.fi- ja iZettle.com-palveluita. L\u00e4het\u00e4mme my\u00f6s laskuja. Rekisteriimme ker\u00e4t\u00e4\u00e4n yleisi\u00e4 tietoja maksutapahtumista, kuten pankkitilitapahtumia, sek\u00e4 mahdollinen laskutusosoite. Mainitut kolmannet osapuolet k\u00e4sittelev\u00e4t luottamukselliset maksuv\u00e4linetiedot, kuten luottokorttinumerot, eik\u00e4 niit\u00e4 ker\u00e4t\u00e4 rekisteriimme.<\/p>\n<p><strong>Tietojen luovutukset<\/strong><br \/>\nRekisteri\u00e4mme pidet\u00e4\u00e4n Capnovan ja Googlen palveluissa. Tietoja voidaan siirt\u00e4\u00e4 EU:n tai ETA:n ulkopuolelle. L\u00e4hett\u00e4ess\u00e4si s\u00e4hk\u00f6postia skrolli.fi-osoitteeseen, se ohjataan kolmannen osapuolen palveluun yhdistyksen m\u00e4\u00e4r\u00e4\u00e4mien henkil\u00f6iden k\u00e4sitelt\u00e4v\u00e4ksi.<\/p>\n<p><strong>Rekisterin suojaus<\/strong><br \/>\nRekisteriin on p\u00e4\u00e4sy vain yhdistyksen m\u00e4\u00e4r\u00e4\u00e4mill\u00e4 henkil\u00f6ill\u00e4. Rekisteri on suojattu k\u00e4ytt\u00e4j\u00e4tunnuksella ja salasanalla. Rekisterin tietoja ei luovuteta sivullisille, paitsi seuraaviin tarkoituksiin: yhdistyksen tuottaman lehden painattamiseen, yhdistyksen tuotteiden toimittamiseen, yhdistyksen asiakaskirjeiden l\u00e4hett\u00e4miseen sek\u00e4 tekniseen hallinnointiin.<\/p>\n<p><strong>Rekister\u00f6idyn oikeudet<\/strong><br \/>\nTietoja s\u00e4il\u00f6t\u00e4\u00e4n asiakkuuden ajan sek\u00e4 asiakkuuden p\u00e4\u00e4ttymisen j\u00e4lkeen niin pitk\u00e4\u00e4n kuin lait ja s\u00e4\u00e4d\u00f6kset velvoittavat. Asiakkaalla on oikeus tarkastaa h\u00e4nest\u00e4 tallennetut tiedot sek\u00e4 korjata mahdolliset virheet. Heill\u00e4 on my\u00f6s oikeus tietojen poistamiseen, tietojen siirt\u00e4miseen, k\u00e4sittelyn rajoittamiseen sek\u00e4 vastustaa heihin kohdistuvaa automaattista p\u00e4\u00e4t\u00f6ksentekoa.<\/p>\n<p>24.5.2018<\/p>\n","protected":false},"excerpt":{"rendered":"<p>Rekisterinpit\u00e4j\u00e4 Skrolli ry c\/o Anssi Kolehmainen Kilonkuja 3 A 16 02610 ESPOO Y-tunnus 2580055-7 Yhteyshenkil\u00f6 Anssi Kolehmainen puh. 040 508 5390 info@skrolli.fi Rekisterin nimi Skrollin asiakasrekisteri K\u00e4sittelyn tarkoitus K\u00e4yt\u00e4mme asiakastietoja asiakkuuden hoitamiseen&#8230;<\/p>\n","protected":false},"author":7897,"featured_media":0,"parent":0,"menu_order":36,"comment_status":"closed","ping_status":"closed","template":"","meta":{"_acf_changed":false,"_bbp_topic_count":0,"_bbp_reply_count":0,"_bbp_total_topic_count":0,"_bbp_total_reply_count":0,"_bbp_voice_count":0,"_bbp_anonymous_reply_count":0,"_bbp_topic_count_hidden":0,"_bbp_reply_count_hidden":0,"_bbp_forum_subforum_count":0,"footnotes":""},"class_list":["post-35638","page","type-page","status-publish","hentry"],"acf":[],"yoast_head":"<!-- This site is optimized with the Yoast SEO plugin v25.9 - https:\/\/yoast.com\/wordpress\/plugins\/seo\/ -->\n<title>Privacy Policy - Skrolli - Tasavallan tietokonelehti<\/title>\n<meta name=\"robots\" content=\"index, follow, max-snippet:-1, max-image-preview:large, max-video-preview:-1\" \/>\n<link rel=\"canonical\" href=\"https:\/\/skrolli.fi\/en\/privacypolicy\/\" \/>\n<meta name=\"twitter:label1\" content=\"Est. reading time\" \/>\n\t<meta name=\"twitter:data1\" content=\"2 minutes\" \/>\n<script type=\"application\/ld+json\" class=\"yoast-schema-graph\">{\"@context\":\"https:\/\/schema.org\",\"@graph\":[{\"@type\":\"WebPage\",\"@id\":\"https:\/\/skrolli.fi\/en\/privacypolicy\/\",\"url\":\"https:\/\/skrolli.fi\/en\/privacypolicy\/\",\"name\":\"Privacy Policy - Skrolli - Tasavallan tietokonelehti\",\"isPartOf\":{\"@id\":\"https:\/\/www.skrolli.fi\/#website\"},\"datePublished\":\"2018-05-24T10:29:57+00:00\",\"dateModified\":\"2021-09-16T22:57:16+00:00\",\"breadcrumb\":{\"@id\":\"https:\/\/skrolli.fi\/en\/privacypolicy\/#breadcrumb\"},\"inLanguage\":\"en-US\",\"potentialAction\":[{\"@type\":\"ReadAction\",\"target\":[\"https:\/\/skrolli.fi\/en\/privacypolicy\/\"]}]},{\"@type\":\"BreadcrumbList\",\"@id\":\"https:\/\/skrolli.fi\/en\/privacypolicy\/#breadcrumb\",\"itemListElement\":[{\"@type\":\"ListItem\",\"position\":1,\"name\":\"Home\",\"item\":\"https:\/\/skrolli.fi\/en\/\"},{\"@type\":\"ListItem\",\"position\":2,\"name\":\"Privacy Policy\"}]},{\"@type\":\"WebSite\",\"@id\":\"https:\/\/www.skrolli.fi\/#website\",\"url\":\"https:\/\/www.skrolli.fi\/\",\"name\":\"Skrolli - Tasavallan tietokonelehti\",\"description\":\"Tietokonekulttuurin erikoislehti\",\"potentialAction\":[{\"@type\":\"SearchAction\",\"target\":{\"@type\":\"EntryPoint\",\"urlTemplate\":\"https:\/\/www.skrolli.fi\/?s={search_term_string}\"},\"query-input\":{\"@type\":\"PropertyValueSpecification\",\"valueRequired\":true,\"valueName\":\"search_term_string\"}}],\"inLanguage\":\"en-US\"}]}<\/script>\n<!-- \/ Yoast SEO plugin. -->","yoast_head_json":{"title":"Privacy Policy - Skrolli - Tasavallan tietokonelehti","robots":{"index":"index","follow":"follow","max-snippet":"max-snippet:-1","max-image-preview":"max-image-preview:large","max-video-preview":"max-video-preview:-1"},"canonical":"https:\/\/skrolli.fi\/en\/privacypolicy\/","twitter_misc":{"Est. reading time":"2 minutes"},"schema":{"@context":"https:\/\/schema.org","@graph":[{"@type":"WebPage","@id":"https:\/\/skrolli.fi\/en\/privacypolicy\/","url":"https:\/\/skrolli.fi\/en\/privacypolicy\/","name":"Privacy Policy - Skrolli - Tasavallan tietokonelehti","isPartOf":{"@id":"https:\/\/www.skrolli.fi\/#website"},"datePublished":"2018-05-24T10:29:57+00:00","dateModified":"2021-09-16T22:57:16+00:00","breadcrumb":{"@id":"https:\/\/skrolli.fi\/en\/privacypolicy\/#breadcrumb"},"inLanguage":"en-US","potentialAction":[{"@type":"ReadAction","target":["https:\/\/skrolli.fi\/en\/privacypolicy\/"]}]},{"@type":"BreadcrumbList","@id":"https:\/\/skrolli.fi\/en\/privacypolicy\/#breadcrumb","itemListElement":[{"@type":"ListItem","position":1,"name":"Home","item":"https:\/\/skrolli.fi\/en\/"},{"@type":"ListItem","position":2,"name":"Privacy Policy"}]},{"@type":"WebSite","@id":"https:\/\/www.skrolli.fi\/#website","url":"https:\/\/www.skrolli.fi\/","name":"Skrolli - Tasavallan tietokonelehti","description":"Tietokonekulttuurin erikoislehti","potentialAction":[{"@type":"SearchAction","target":{"@type":"EntryPoint","urlTemplate":"https:\/\/www.skrolli.fi\/?s={search_term_string}"},"query-input":{"@type":"PropertyValueSpecification","valueRequired":true,"valueName":"search_term_string"}}],"inLanguage":"en-US"}]}},"_links":{"self":[{"href":"https:\/\/www.skrolli.fi\/en\/wp-json\/wp\/v2\/pages\/35638","targetHints":{"allow":["GET"]}}],"collection":[{"href":"https:\/\/www.skrolli.fi\/en\/wp-json\/wp\/v2\/pages"}],"about":[{"href":"https:\/\/www.skrolli.fi\/en\/wp-json\/wp\/v2\/types\/page"}],"author":[{"embeddable":true,"href":"https:\/\/www.skrolli.fi\/en\/wp-json\/wp\/v2\/users\/7897"}],"replies":[{"embeddable":true,"href":"https:\/\/www.skrolli.fi\/en\/wp-json\/wp\/v2\/comments?post=35638"}],"version-history":[{"count":2,"href":"https:\/\/www.skrolli.fi\/en\/wp-json\/wp\/v2\/pages\/35638\/revisions"}],"predecessor-version":[{"id":35640,"href":"https:\/\/www.skrolli.fi\/en\/wp-json\/wp\/v2\/pages\/35638\/revisions\/35640"}],"wp:attachment":[{"href":"https:\/\/www.skrolli.fi\/en\/wp-json\/wp\/v2\/media?parent=35638"}],"curies":[{"name":"wp","href":"https:\/\/api.w.org\/{rel}","templated":true}]}}